{"id":1501,"date":"2017-04-19T21:16:50","date_gmt":"2017-04-19T19:16:50","guid":{"rendered":"http:\/\/mfg-hoechstadt.de\/?page_id=1501"},"modified":"2017-04-19T21:16:50","modified_gmt":"2017-04-19T19:16:50","slug":"2017-fruehjahrsputz","status":"publish","type":"page","link":"https:\/\/mfg-hoechstadt.de\/?page_id=1501","title":{"rendered":"2017 Fr\u00fchjahrsputz"},"content":{"rendered":"<p>Bilder vom Fr\u00fchjahrsputz am 08.04.2017 auf dem Fluggel\u00e4nde.<br \/>\n<div id=\"envira-gallery-wrap-1488\" class=\"envira-gallery-wrap envira-gallery-theme-base envira-lightbox-theme-base\" itemscope itemtype=\"https:\/\/schema.org\/ImageGallery\"><div data-row-height=\"150\" data-gallery-theme=\"normal\" id=\"envira-gallery-1488\" class=\"envira-gallery-public envira-gallery-justified-public envira-gallery-0-columns envira-clear enviratope envira-gallery-css-animations\" data-envira-columns=\"0\"><div id=\"envira-gallery-item-1506\" class=\"envira-gallery-item enviratope-item envira-gallery-item-1 envira-lazy-load\" style=\"padding-left: 5px; padding-bottom: 10px; padding-right: 5px;\"  itemscope itemtype=\"https:\/\/schema.org\/ImageObject\"><div class=\"envira-gallery-item-inner\"><div class=\"envira-gallery-position-overlay  envira-gallery-top-left\"><\/div><div class=\"envira-gallery-position-overlay  envira-gallery-top-right\"><\/div><div class=\"envira-gallery-position-overlay  envira-gallery-bottom-left\"><\/div><div class=\"envira-gallery-position-overlay  envira-gallery-bottom-right\"><\/div><a href=\"https:\/\/mfg-hoechstadt.de\/wp-content\/uploads\/2017\/04\/MFG_0625_1.jpg\" class=\"envira-gallery-1488 envira-gallery-link\" rel=\"enviragallery1488\" title=\"MFG_0625_1\" data-envira-caption=\"MFG_0625_1\" data-envira-retina=\"\" data-thumbnail=\"\"  itemprop=\"contentUrl\"><img decoding=\"async\" id=\"envira-gallery-image-1506\" class=\"envira-gallery-image envira-gallery-image-1 envira-normal envira-lazy\" data-envira-index=\"1\" src=\"https:\/\/mfg-hoechstadt.de\/wp-content\/uploads\/2017\/04\/MFG_0625_1-768x1024-640x480.jpg\" data-envira-src=\"https:\/\/mfg-hoechstadt.de\/wp-content\/uploads\/2017\/04\/MFG_0625_1-768x1024-640x480.jpg\" data-envira-gallery-id=\"1488\" data-envira-item-id=\"1506\" data-envira-caption=\"MFG_0625_1\" alt=\"\" title=\"MFG_0625_1\"  itemprop=\"thumbnailUrl\" data-envira-srcset=\"https:\/\/mfg-hoechstadt.de\/wp-content\/uploads\/2017\/04\/MFG_0625_1-768x1024-640x480.jpg 400w,https:\/\/mfg-hoechstadt.de\/wp-content\/uploads\/2017\/04\/MFG_0625_1-768x1024-640x480.jpg 2x\" data-envira-width=\"225\" data-envira-height=\"300\" srcset=\"data:image\/gif;base64,R0lGODlhAQABAIAAAP\/\/\/\/\/\/\/yH5BAEKAAEALAAAAAABAAEAAAICTAEAOw==\" data-safe-src=\"data:image\/gif;base64,R0lGODlhAQABAIAAAP\/\/\/\/\/\/\/yH5BAEKAAEALAAAAAABAAEAAAICTAEAOw==\" \/><\/a><\/div><\/div><div id=\"envira-gallery-item-1507\" class=\"envira-gallery-item enviratope-item envira-gallery-item-2 envira-lazy-load\" style=\"padding-left: 5px; padding-bottom: 10px; padding-right: 5px;\"  itemscope itemtype=\"https:\/\/schema.org\/ImageObject\"><div class=\"envira-gallery-item-inner\"><div class=\"envira-gallery-position-overlay  envira-gallery-top-left\"><\/div><div class=\"envira-gallery-position-overlay  envira-gallery-top-right\"><\/div><div class=\"envira-gallery-position-overlay  envira-gallery-bottom-left\"><\/div><div class=\"envira-gallery-position-overlay  envira-gallery-bottom-right\"><\/div><a href=\"https:\/\/mfg-hoechstadt.de\/wp-content\/uploads\/2017\/04\/MFG_0627_1.jpg\" class=\"envira-gallery-1488 envira-gallery-link\" rel=\"enviragallery1488\" title=\"MFG_0627_1\" data-envira-caption=\"MFG_0627_1\" data-envira-retina=\"\" data-thumbnail=\"\"  itemprop=\"contentUrl\"><img decoding=\"async\" id=\"envira-gallery-image-1507\" class=\"envira-gallery-image envira-gallery-image-2 envira-normal envira-lazy\" data-envira-index=\"2\" src=\"https:\/\/mfg-hoechstadt.de\/wp-content\/uploads\/2017\/04\/MFG_0627_1-1024x768-640x480.jpg\" data-envira-src=\"https:\/\/mfg-hoechstadt.de\/wp-content\/uploads\/2017\/04\/MFG_0627_1-1024x768-640x480.jpg\" data-envira-gallery-id=\"1488\" data-envira-item-id=\"1507\" data-envira-caption=\"MFG_0627_1\" alt=\"\" title=\"MFG_0627_1\"  itemprop=\"thumbnailUrl\" data-envira-srcset=\"https:\/\/mfg-hoechstadt.de\/wp-content\/uploads\/2017\/04\/MFG_0627_1-1024x768-640x480.jpg 400w,https:\/\/mfg-hoechstadt.de\/wp-content\/uploads\/2017\/04\/MFG_0627_1-1024x768-640x480.jpg 2x\" data-envira-width=\"300\" data-envira-height=\"225\" srcset=\"data:image\/gif;base64,R0lGODlhAQABAIAAAP\/\/\/\/\/\/\/yH5BAEKAAEALAAAAAABAAEAAAICTAEAOw==\" data-safe-src=\"data:image\/gif;base64,R0lGODlhAQABAIAAAP\/\/\/\/\/\/\/yH5BAEKAAEALAAAAAABAAEAAAICTAEAOw==\" \/><\/a><\/div><\/div><div id=\"envira-gallery-item-1508\" class=\"envira-gallery-item enviratope-item envira-gallery-item-3 envira-lazy-load\" style=\"padding-left: 5px; padding-bottom: 10px; padding-right: 5px;\"  itemscope itemtype=\"https:\/\/schema.org\/ImageObject\"><div class=\"envira-gallery-item-inner\"><div class=\"envira-gallery-position-overlay  envira-gallery-top-left\"><\/div><div class=\"envira-gallery-position-overlay  envira-gallery-top-right\"><\/div><div class=\"envira-gallery-position-overlay  envira-gallery-bottom-left\"><\/div><div class=\"envira-gallery-position-overlay  envira-gallery-bottom-right\"><\/div><a href=\"https:\/\/mfg-hoechstadt.de\/wp-content\/uploads\/2017\/04\/MFG_0631_1.jpg\" class=\"envira-gallery-1488 envira-gallery-link\" rel=\"enviragallery1488\" title=\"MFG_0631_1\" data-envira-caption=\"MFG_0631_1\" data-envira-retina=\"\" data-thumbnail=\"\"  itemprop=\"contentUrl\"><img decoding=\"async\" id=\"envira-gallery-image-1508\" class=\"envira-gallery-image envira-gallery-image-3 envira-normal envira-lazy\" data-envira-index=\"3\" src=\"https:\/\/mfg-hoechstadt.de\/wp-content\/uploads\/2017\/04\/MFG_0631_1-1024x768-640x480.jpg\" data-envira-src=\"https:\/\/mfg-hoechstadt.de\/wp-content\/uploads\/2017\/04\/MFG_0631_1-1024x768-640x480.jpg\" data-envira-gallery-id=\"1488\" data-envira-item-id=\"1508\" data-envira-caption=\"MFG_0631_1\" alt=\"\" title=\"MFG_0631_1\"  itemprop=\"thumbnailUrl\" data-envira-srcset=\"https:\/\/mfg-hoechstadt.de\/wp-content\/uploads\/2017\/04\/MFG_0631_1-1024x768-640x480.jpg 400w,https:\/\/mfg-hoechstadt.de\/wp-content\/uploads\/2017\/04\/MFG_0631_1-1024x768-640x480.jpg 2x\" data-envira-width=\"300\" data-envira-height=\"225\" srcset=\"data:image\/gif;base64,R0lGODlhAQABAIAAAP\/\/\/\/\/\/\/yH5BAEKAAEALAAAAAABAAEAAAICTAEAOw==\" data-safe-src=\"data:image\/gif;base64,R0lGODlhAQABAIAAAP\/\/\/\/\/\/\/yH5BAEKAAEALAAAAAABAAEAAAICTAEAOw==\" \/><\/a><\/div><\/div><div id=\"envira-gallery-item-1509\" class=\"envira-gallery-item enviratope-item envira-gallery-item-4 envira-lazy-load\" style=\"padding-left: 5px; padding-bottom: 10px; padding-right: 5px;\"  itemscope itemtype=\"https:\/\/schema.org\/ImageObject\"><div class=\"envira-gallery-item-inner\"><div class=\"envira-gallery-position-overlay  envira-gallery-top-left\"><\/div><div class=\"envira-gallery-position-overlay  envira-gallery-top-right\"><\/div><div class=\"envira-gallery-position-overlay  envira-gallery-bottom-left\"><\/div><div class=\"envira-gallery-position-overlay  envira-gallery-bottom-right\"><\/div><a href=\"https:\/\/mfg-hoechstadt.de\/wp-content\/uploads\/2017\/04\/MFG_0632_1.jpg\" class=\"envira-gallery-1488 envira-gallery-link\" rel=\"enviragallery1488\" title=\"MFG_0632_1\" data-envira-caption=\"MFG_0632_1\" data-envira-retina=\"\" data-thumbnail=\"\"  itemprop=\"contentUrl\"><img decoding=\"async\" id=\"envira-gallery-image-1509\" class=\"envira-gallery-image envira-gallery-image-4 envira-normal envira-lazy\" data-envira-index=\"4\" src=\"https:\/\/mfg-hoechstadt.de\/wp-content\/uploads\/2017\/04\/MFG_0632_1-1024x768-640x480.jpg\" data-envira-src=\"https:\/\/mfg-hoechstadt.de\/wp-content\/uploads\/2017\/04\/MFG_0632_1-1024x768-640x480.jpg\" data-envira-gallery-id=\"1488\" data-envira-item-id=\"1509\" data-envira-caption=\"MFG_0632_1\" alt=\"\" title=\"MFG_0632_1\"  itemprop=\"thumbnailUrl\" data-envira-srcset=\"https:\/\/mfg-hoechstadt.de\/wp-content\/uploads\/2017\/04\/MFG_0632_1-1024x768-640x480.jpg 400w,https:\/\/mfg-hoechstadt.de\/wp-content\/uploads\/2017\/04\/MFG_0632_1-1024x768-640x480.jpg 2x\" data-envira-width=\"300\" data-envira-height=\"225\" srcset=\"data:image\/gif;base64,R0lGODlhAQABAIAAAP\/\/\/\/\/\/\/yH5BAEKAAEALAAAAAABAAEAAAICTAEAOw==\" data-safe-src=\"data:image\/gif;base64,R0lGODlhAQABAIAAAP\/\/\/\/\/\/\/yH5BAEKAAEALAAAAAABAAEAAAICTAEAOw==\" \/><\/a><\/div><\/div><div id=\"envira-gallery-item-1510\" class=\"envira-gallery-item enviratope-item envira-gallery-item-5 envira-lazy-load\" style=\"padding-left: 5px; padding-bottom: 10px; padding-right: 5px;\"  itemscope itemtype=\"https:\/\/schema.org\/ImageObject\"><div class=\"envira-gallery-item-inner\"><div class=\"envira-gallery-position-overlay  envira-gallery-top-left\"><\/div><div class=\"envira-gallery-position-overlay  envira-gallery-top-right\"><\/div><div class=\"envira-gallery-position-overlay  envira-gallery-bottom-left\"><\/div><div class=\"envira-gallery-position-overlay  envira-gallery-bottom-right\"><\/div><a href=\"https:\/\/mfg-hoechstadt.de\/wp-content\/uploads\/2017\/04\/MFG_0633_1.jpg\" class=\"envira-gallery-1488 envira-gallery-link\" rel=\"enviragallery1488\" title=\"MFG_0633_1\" data-envira-caption=\"MFG_0633_1\" data-envira-retina=\"\" data-thumbnail=\"\"  itemprop=\"contentUrl\"><img decoding=\"async\" id=\"envira-gallery-image-1510\" class=\"envira-gallery-image envira-gallery-image-5 envira-normal envira-lazy\" data-envira-index=\"5\" src=\"https:\/\/mfg-hoechstadt.de\/wp-content\/uploads\/2017\/04\/MFG_0633_1-1024x768-640x480.jpg\" data-envira-src=\"https:\/\/mfg-hoechstadt.de\/wp-content\/uploads\/2017\/04\/MFG_0633_1-1024x768-640x480.jpg\" data-envira-gallery-id=\"1488\" data-envira-item-id=\"1510\" data-envira-caption=\"MFG_0633_1\" alt=\"\" title=\"MFG_0633_1\"  itemprop=\"thumbnailUrl\" data-envira-srcset=\"https:\/\/mfg-hoechstadt.de\/wp-content\/uploads\/2017\/04\/MFG_0633_1-1024x768-640x480.jpg 400w,https:\/\/mfg-hoechstadt.de\/wp-content\/uploads\/2017\/04\/MFG_0633_1-1024x768-640x480.jpg 2x\" data-envira-width=\"300\" data-envira-height=\"225\" srcset=\"data:image\/gif;base64,R0lGODlhAQABAIAAAP\/\/\/\/\/\/\/yH5BAEKAAEALAAAAAABAAEAAAICTAEAOw==\" data-safe-src=\"data:image\/gif;base64,R0lGODlhAQABAIAAAP\/\/\/\/\/\/\/yH5BAEKAAEALAAAAAABAAEAAAICTAEAOw==\" \/><\/a><\/div><\/div><div id=\"envira-gallery-item-1511\" class=\"envira-gallery-item enviratope-item envira-gallery-item-6 envira-lazy-load\" style=\"padding-left: 5px; padding-bottom: 10px; padding-right: 5px;\"  itemscope itemtype=\"https:\/\/schema.org\/ImageObject\"><div class=\"envira-gallery-item-inner\"><div class=\"envira-gallery-position-overlay  envira-gallery-top-left\"><\/div><div class=\"envira-gallery-position-overlay  envira-gallery-top-right\"><\/div><div class=\"envira-gallery-position-overlay  envira-gallery-bottom-left\"><\/div><div class=\"envira-gallery-position-overlay  envira-gallery-bottom-right\"><\/div><a href=\"https:\/\/mfg-hoechstadt.de\/wp-content\/uploads\/2017\/04\/MFG_0635_1.jpg\" class=\"envira-gallery-1488 envira-gallery-link\" rel=\"enviragallery1488\" title=\"MFG_0635_1\" data-envira-caption=\"MFG_0635_1\" data-envira-retina=\"\" data-thumbnail=\"\"  itemprop=\"contentUrl\"><img decoding=\"async\" id=\"envira-gallery-image-1511\" class=\"envira-gallery-image envira-gallery-image-6 envira-normal envira-lazy\" data-envira-index=\"6\" src=\"https:\/\/mfg-hoechstadt.de\/wp-content\/uploads\/2017\/04\/MFG_0635_1-1024x768-640x480.jpg\" data-envira-src=\"https:\/\/mfg-hoechstadt.de\/wp-content\/uploads\/2017\/04\/MFG_0635_1-1024x768-640x480.jpg\" data-envira-gallery-id=\"1488\" data-envira-item-id=\"1511\" data-envira-caption=\"MFG_0635_1\" alt=\"\" title=\"MFG_0635_1\"  itemprop=\"thumbnailUrl\" data-envira-srcset=\"https:\/\/mfg-hoechstadt.de\/wp-content\/uploads\/2017\/04\/MFG_0635_1-1024x768-640x480.jpg 400w,https:\/\/mfg-hoechstadt.de\/wp-content\/uploads\/2017\/04\/MFG_0635_1-1024x768-640x480.jpg 2x\" data-envira-width=\"300\" data-envira-height=\"225\" srcset=\"data:image\/gif;base64,R0lGODlhAQABAIAAAP\/\/\/\/\/\/\/yH5BAEKAAEALAAAAAABAAEAAAICTAEAOw==\" data-safe-src=\"data:image\/gif;base64,R0lGODlhAQABAIAAAP\/\/\/\/\/\/\/yH5BAEKAAEALAAAAAABAAEAAAICTAEAOw==\" \/><\/a><\/div><\/div><div id=\"envira-gallery-item-1512\" class=\"envira-gallery-item enviratope-item envira-gallery-item-7 envira-lazy-load\" style=\"padding-left: 5px; padding-bottom: 10px; padding-right: 5px;\"  itemscope itemtype=\"https:\/\/schema.org\/ImageObject\"><div class=\"envira-gallery-item-inner\"><div class=\"envira-gallery-position-overlay  envira-gallery-top-left\"><\/div><div class=\"envira-gallery-position-overlay  envira-gallery-top-right\"><\/div><div class=\"envira-gallery-position-overlay  envira-gallery-bottom-left\"><\/div><div class=\"envira-gallery-position-overlay  envira-gallery-bottom-right\"><\/div><a href=\"https:\/\/mfg-hoechstadt.de\/wp-content\/uploads\/2017\/04\/MFG_0636_1.jpg\" class=\"envira-gallery-1488 envira-gallery-link\" rel=\"enviragallery1488\" title=\"MFG_0636_1\" data-envira-caption=\"MFG_0636_1\" data-envira-retina=\"\" data-thumbnail=\"\"  itemprop=\"contentUrl\"><img decoding=\"async\" id=\"envira-gallery-image-1512\" class=\"envira-gallery-image envira-gallery-image-7 envira-normal envira-lazy\" data-envira-index=\"7\" src=\"https:\/\/mfg-hoechstadt.de\/wp-content\/uploads\/2017\/04\/MFG_0636_1-1024x768-640x480.jpg\" data-envira-src=\"https:\/\/mfg-hoechstadt.de\/wp-content\/uploads\/2017\/04\/MFG_0636_1-1024x768-640x480.jpg\" data-envira-gallery-id=\"1488\" data-envira-item-id=\"1512\" data-envira-caption=\"MFG_0636_1\" alt=\"\" title=\"MFG_0636_1\"  itemprop=\"thumbnailUrl\" data-envira-srcset=\"https:\/\/mfg-hoechstadt.de\/wp-content\/uploads\/2017\/04\/MFG_0636_1-1024x768-640x480.jpg 400w,https:\/\/mfg-hoechstadt.de\/wp-content\/uploads\/2017\/04\/MFG_0636_1-1024x768-640x480.jpg 2x\" data-envira-width=\"300\" data-envira-height=\"225\" srcset=\"data:image\/gif;base64,R0lGODlhAQABAIAAAP\/\/\/\/\/\/\/yH5BAEKAAEALAAAAAABAAEAAAICTAEAOw==\" data-safe-src=\"data:image\/gif;base64,R0lGODlhAQABAIAAAP\/\/\/\/\/\/\/yH5BAEKAAEALAAAAAABAAEAAAICTAEAOw==\" \/><\/a><\/div><\/div><div id=\"envira-gallery-item-1513\" class=\"envira-gallery-item enviratope-item envira-gallery-item-8 envira-lazy-load\" style=\"padding-left: 5px; padding-bottom: 10px; padding-right: 5px;\"  itemscope itemtype=\"https:\/\/schema.org\/ImageObject\"><div class=\"envira-gallery-item-inner\"><div class=\"envira-gallery-position-overlay  envira-gallery-top-left\"><\/div><div class=\"envira-gallery-position-overlay  envira-gallery-top-right\"><\/div><div class=\"envira-gallery-position-overlay  envira-gallery-bottom-left\"><\/div><div class=\"envira-gallery-position-overlay  envira-gallery-bottom-right\"><\/div><a href=\"https:\/\/mfg-hoechstadt.de\/wp-content\/uploads\/2017\/04\/MFG_0637_1.jpg\" class=\"envira-gallery-1488 envira-gallery-link\" rel=\"enviragallery1488\" title=\"MFG_0637_1\" data-envira-caption=\"MFG_0637_1\" data-envira-retina=\"\" data-thumbnail=\"\"  itemprop=\"contentUrl\"><img decoding=\"async\" id=\"envira-gallery-image-1513\" class=\"envira-gallery-image envira-gallery-image-8 envira-normal envira-lazy\" data-envira-index=\"8\" src=\"https:\/\/mfg-hoechstadt.de\/wp-content\/uploads\/2017\/04\/MFG_0637_1-1024x768-640x480.jpg\" data-envira-src=\"https:\/\/mfg-hoechstadt.de\/wp-content\/uploads\/2017\/04\/MFG_0637_1-1024x768-640x480.jpg\" data-envira-gallery-id=\"1488\" data-envira-item-id=\"1513\" data-envira-caption=\"MFG_0637_1\" alt=\"\" title=\"MFG_0637_1\"  itemprop=\"thumbnailUrl\" data-envira-srcset=\"https:\/\/mfg-hoechstadt.de\/wp-content\/uploads\/2017\/04\/MFG_0637_1-1024x768-640x480.jpg 400w,https:\/\/mfg-hoechstadt.de\/wp-content\/uploads\/2017\/04\/MFG_0637_1-1024x768-640x480.jpg 2x\" data-envira-width=\"300\" data-envira-height=\"225\" srcset=\"data:image\/gif;base64,R0lGODlhAQABAIAAAP\/\/\/\/\/\/\/yH5BAEKAAEALAAAAAABAAEAAAICTAEAOw==\" data-safe-src=\"data:image\/gif;base64,R0lGODlhAQABAIAAAP\/\/\/\/\/\/\/yH5BAEKAAEALAAAAAABAAEAAAICTAEAOw==\" \/><\/a><\/div><\/div><div id=\"envira-gallery-item-1514\" class=\"envira-gallery-item enviratope-item envira-gallery-item-9 envira-lazy-load\" style=\"padding-left: 5px; padding-bottom: 10px; padding-right: 5px;\"  itemscope itemtype=\"https:\/\/schema.org\/ImageObject\"><div class=\"envira-gallery-item-inner\"><div class=\"envira-gallery-position-overlay  envira-gallery-top-left\"><\/div><div class=\"envira-gallery-position-overlay  envira-gallery-top-right\"><\/div><div class=\"envira-gallery-position-overlay  envira-gallery-bottom-left\"><\/div><div class=\"envira-gallery-position-overlay  envira-gallery-bottom-right\"><\/div><a href=\"https:\/\/mfg-hoechstadt.de\/wp-content\/uploads\/2017\/04\/MFG_0639_1.jpg\" class=\"envira-gallery-1488 envira-gallery-link\" rel=\"enviragallery1488\" title=\"MFG_0639_1\" data-envira-caption=\"MFG_0639_1\" data-envira-retina=\"\" data-thumbnail=\"\"  itemprop=\"contentUrl\"><img decoding=\"async\" id=\"envira-gallery-image-1514\" class=\"envira-gallery-image envira-gallery-image-9 envira-normal envira-lazy\" data-envira-index=\"9\" src=\"https:\/\/mfg-hoechstadt.de\/wp-content\/uploads\/2017\/04\/MFG_0639_1-1024x768-640x480.jpg\" data-envira-src=\"https:\/\/mfg-hoechstadt.de\/wp-content\/uploads\/2017\/04\/MFG_0639_1-1024x768-640x480.jpg\" data-envira-gallery-id=\"1488\" data-envira-item-id=\"1514\" data-envira-caption=\"MFG_0639_1\" alt=\"\" title=\"MFG_0639_1\"  itemprop=\"thumbnailUrl\" data-envira-srcset=\"https:\/\/mfg-hoechstadt.de\/wp-content\/uploads\/2017\/04\/MFG_0639_1-1024x768-640x480.jpg 400w,https:\/\/mfg-hoechstadt.de\/wp-content\/uploads\/2017\/04\/MFG_0639_1-1024x768-640x480.jpg 2x\" data-envira-width=\"300\" data-envira-height=\"225\" srcset=\"data:image\/gif;base64,R0lGODlhAQABAIAAAP\/\/\/\/\/\/\/yH5BAEKAAEALAAAAAABAAEAAAICTAEAOw==\" data-safe-src=\"data:image\/gif;base64,R0lGODlhAQABAIAAAP\/\/\/\/\/\/\/yH5BAEKAAEALAAAAAABAAEAAAICTAEAOw==\" \/><\/a><\/div><\/div><div id=\"envira-gallery-item-1515\" class=\"envira-gallery-item enviratope-item envira-gallery-item-10 envira-lazy-load\" style=\"padding-left: 5px; padding-bottom: 10px; padding-right: 5px;\"  itemscope itemtype=\"https:\/\/schema.org\/ImageObject\"><div class=\"envira-gallery-item-inner\"><div class=\"envira-gallery-position-overlay  envira-gallery-top-left\"><\/div><div class=\"envira-gallery-position-overlay  envira-gallery-top-right\"><\/div><div class=\"envira-gallery-position-overlay  envira-gallery-bottom-left\"><\/div><div class=\"envira-gallery-position-overlay  envira-gallery-bottom-right\"><\/div><a href=\"https:\/\/mfg-hoechstadt.de\/wp-content\/uploads\/2017\/04\/MFG_0640_1.jpg\" class=\"envira-gallery-1488 envira-gallery-link\" rel=\"enviragallery1488\" title=\"MFG_0640_1\" data-envira-caption=\"MFG_0640_1\" data-envira-retina=\"\" data-thumbnail=\"\"  itemprop=\"contentUrl\"><img decoding=\"async\" id=\"envira-gallery-image-1515\" class=\"envira-gallery-image envira-gallery-image-10 envira-normal envira-lazy\" data-envira-index=\"10\" src=\"https:\/\/mfg-hoechstadt.de\/wp-content\/uploads\/2017\/04\/MFG_0640_1-1024x768-640x480.jpg\" data-envira-src=\"https:\/\/mfg-hoechstadt.de\/wp-content\/uploads\/2017\/04\/MFG_0640_1-1024x768-640x480.jpg\" data-envira-gallery-id=\"1488\" data-envira-item-id=\"1515\" data-envira-caption=\"MFG_0640_1\" alt=\"\" title=\"MFG_0640_1\"  itemprop=\"thumbnailUrl\" data-envira-srcset=\"https:\/\/mfg-hoechstadt.de\/wp-content\/uploads\/2017\/04\/MFG_0640_1-1024x768-640x480.jpg 400w,https:\/\/mfg-hoechstadt.de\/wp-content\/uploads\/2017\/04\/MFG_0640_1-1024x768-640x480.jpg 2x\" data-envira-width=\"300\" data-envira-height=\"225\" srcset=\"data:image\/gif;base64,R0lGODlhAQABAIAAAP\/\/\/\/\/\/\/yH5BAEKAAEALAAAAAABAAEAAAICTAEAOw==\" data-safe-src=\"data:image\/gif;base64,R0lGODlhAQABAIAAAP\/\/\/\/\/\/\/yH5BAEKAAEALAAAAAABAAEAAAICTAEAOw==\" \/><\/a><\/div><\/div><\/div><\/div><noscript><img decoding=\"async\" src=\"https:\/\/mfg-hoechstadt.de\/wp-content\/uploads\/2017\/04\/MFG_0625_1.jpg\" alt=\"\" \/><img decoding=\"async\" src=\"https:\/\/mfg-hoechstadt.de\/wp-content\/uploads\/2017\/04\/MFG_0627_1.jpg\" alt=\"\" \/><img decoding=\"async\" src=\"https:\/\/mfg-hoechstadt.de\/wp-content\/uploads\/2017\/04\/MFG_0631_1.jpg\" alt=\"\" \/><img decoding=\"async\" src=\"https:\/\/mfg-hoechstadt.de\/wp-content\/uploads\/2017\/04\/MFG_0632_1.jpg\" alt=\"\" \/><img decoding=\"async\" src=\"https:\/\/mfg-hoechstadt.de\/wp-content\/uploads\/2017\/04\/MFG_0633_1.jpg\" alt=\"\" \/><img decoding=\"async\" src=\"https:\/\/mfg-hoechstadt.de\/wp-content\/uploads\/2017\/04\/MFG_0635_1.jpg\" alt=\"\" \/><img decoding=\"async\" src=\"https:\/\/mfg-hoechstadt.de\/wp-content\/uploads\/2017\/04\/MFG_0636_1.jpg\" alt=\"\" \/><img decoding=\"async\" src=\"https:\/\/mfg-hoechstadt.de\/wp-content\/uploads\/2017\/04\/MFG_0637_1.jpg\" alt=\"\" \/><img decoding=\"async\" src=\"https:\/\/mfg-hoechstadt.de\/wp-content\/uploads\/2017\/04\/MFG_0639_1.jpg\" alt=\"\" \/><img decoding=\"async\" src=\"https:\/\/mfg-hoechstadt.de\/wp-content\/uploads\/2017\/04\/MFG_0640_1.jpg\" alt=\"\" \/><\/noscript><\/p>\n","protected":false},"excerpt":{"rendered":"<p>Bilder vom Fr\u00fchjahrsputz am 08.04.2017 auf dem Fluggel\u00e4nde.<\/p>\n","protected":false},"author":1,"featured_media":0,"parent":0,"menu_order":0,"comment_status":"closed","ping_status":"closed","template":"","meta":{"footnotes":""},"class_list":["post-1501","page","type-page","status-publish","hentry"],"_links":{"self":[{"href":"https:\/\/mfg-hoechstadt.de\/index.php?rest_route=\/wp\/v2\/pages\/1501","targetHints":{"allow":["GET"]}}],"collection":[{"href":"https:\/\/mfg-hoechstadt.de\/index.php?rest_route=\/wp\/v2\/pages"}],"about":[{"href":"https:\/\/mfg-hoechstadt.de\/index.php?rest_route=\/wp\/v2\/types\/page"}],"author":[{"embeddable":true,"href":"https:\/\/mfg-hoechstadt.de\/index.php?rest_route=\/wp\/v2\/users\/1"}],"replies":[{"embeddable":true,"href":"https:\/\/mfg-hoechstadt.de\/index.php?rest_route=%2Fwp%2Fv2%2Fcomments&post=1501"}],"version-history":[{"count":1,"href":"https:\/\/mfg-hoechstadt.de\/index.php?rest_route=\/wp\/v2\/pages\/1501\/revisions"}],"predecessor-version":[{"id":1502,"href":"https:\/\/mfg-hoechstadt.de\/index.php?rest_route=\/wp\/v2\/pages\/1501\/revisions\/1502"}],"wp:attachment":[{"href":"https:\/\/mfg-hoechstadt.de\/index.php?rest_route=%2Fwp%2Fv2%2Fmedia&parent=1501"}],"curies":[{"name":"wp","href":"https:\/\/api.w.org\/{rel}","templated":true}]}}