{"id":1984,"date":"2018-05-18T22:54:01","date_gmt":"2018-05-18T20:54:01","guid":{"rendered":"https:\/\/mfg-hoechstadt.de\/?page_id=1984"},"modified":"2024-09-26T20:52:52","modified_gmt":"2024-09-26T18:52:52","slug":"datenschutzerklaerung-2","status":"publish","type":"page","link":"https:\/\/mfg-hoechstadt.de\/?page_id=1984","title":{"rendered":"Datenschutzerkl\u00e4rung"},"content":{"rendered":"<h2>Wer wir sind<\/h2>\n<p>Modellfliegergruppe H\u00f6chstadt e.V.<br \/>\nPeter-Vischer-Str. 34<br \/>\n91315 H\u00f6chstadt a. d. Aisch<\/p>\n<p>Kontakt:<br \/>\n<a href=\"mailto:webmaster@mfg-hoechstadt.de\">webmaster@mfg-hoechstadt.de<\/a> oder <a href=\"https:\/\/mfg-hoechstadt.de\/?page_id=671\">hier<\/a>.<\/p>\n<p>Die Adresse unserer Website ist: https:\/\/mfg-hoechstadt.de.<\/p>\n<h2>Unsere Datenschutzerkl\u00e4rung<\/h2>\n<div>\n<div class=\"text-col-1\">\n<p>Wir freuen uns \u00fcber Ihren Besuch auf unserer Internetseite und Ihr Interesse an der Modellfliegerguppe H\u00f6chstadt e.V.<\/p>\n<p>Der Schutz und die Sicherheit der Daten der Besucher unserer Internetpr\u00e4senz sind uns wichtig. Wir haben deshalb unsere Webseite so gestaltet, dass m\u00f6glichst wenige personenbezogene Daten erhoben oder verarbeitet werden.<\/p>\n<p>Die folgende Erkl\u00e4rung zum Datenschutz erl\u00e4utert, welche Informationen wir w\u00e4hrend Ihres Besuchs auf unserer Webseite erfassen und welche Teile dieser Informationen gegebenenfalls auf welche Weise genutzt werden.<\/p>\n<\/div>\n<\/div>\n<section class=\"main-section \">\n<div class=\"main-section-box\">\n<div class=\"module\">\n<div class=\"module-box\">\n<div class=\"row\">\n<div class=\"text-section\">\n<div class=\"text-col-1\">\n<h2>Welche Daten erfassen wir von Ihnen?<\/h2>\n<\/div>\n<div class=\"text-col-2\">Bei Aufruf und Nutzung dieser Seite<\/div>\n<\/div>\n<\/div>\n<\/div>\n<\/div>\n<\/div>\n<\/section>\n<section class=\"main-section \">\n<div class=\"main-section-box\">\n<div class=\"module\">\n<div class=\"module-box\">\n<div class=\"row\">\n<div class=\"accordion\">\n<div class=\"acc-box\">\n<div>\n<div class=\"acc-panel text-section\">\n<p>erfasst unser Webhoster folgende Zugriffsdaten:<\/p>\n<ul>\n<li>IP-Adresse,<\/li>\n<li>Zeitstempel des Zugriffs,<\/li>\n<li>abgefragte Ressource,<\/li>\n<li>Statuscode<\/li>\n<li>\u00dcbertragene Datenmenge<\/li>\n<li>Dauer der Daten\u00fcbertragung<\/li>\n<li>Herkunft Ihres Seitenaufrufes<\/li>\n<li>Name und Version der Browsersoftware<\/li>\n<\/ul>\n<div>\n<div class=\"text-col-1\">\n<h2><b>Personenbezogene Daten<\/b><\/h2>\n<p>Personenbezogene Daten wie z.B. Name, Anschrift, Telefonnummer oder E-Mail-Adresse werden von uns nicht erfasst, es sei denn, diese Angaben werden von Ihnen freiwillig gemacht, z.B. im Rahmen einer Kontaktaufnahme per E-Mail. Wir verwenden Ihre freiwillig angegebenen Daten ausschlie\u00dflich f\u00fcr den Zweck, zu dem Sie uns diese \u00fcberlassen haben. Nur wenn Sie uns Ihre Einwilligung auch f\u00fcr die weitere Verwendung z.B. bei einer Vereinsmitgliedschaft gegeben haben, nutzen wir Ihre Daten auch f\u00fcr diese Zwecke.<\/p>\n<h2><b>Technische Steuerung &#8211; Cookies<\/b><\/h2>\n<p>Auf unserer Seite werden sogenannte \u201eCookies\u201c verwendet. Diese vereinfachen und beschleunigen die Steuerung Ihres Besuchs auf unserer Internetseite. Sollten Sie die Verwendung der Cookies durch unsere Webseite auf ihrem Computer nicht w\u00fcnschen, so k\u00f6nnen Sie in Ihrer Browsereinstellung die Cookies deaktivieren und die Browsereinstellung so w\u00e4hlen, dass Sie bei der Verwendung von Cookies auf einer Internetseite dar\u00fcber informiert werden.<\/p>\n<p>N\u00e4here allgemeine Informationen zu Cookies finden Sie z.B. <a href=\"http:\/\/support.mozilla.com\/de\/kb\/Informationen%20zu%20Cookies?s=cookie&amp;as=s\" target=\"_blank\" rel=\"noopener noreferrer\">hier<\/a> (Externer Link Mozilla.com) und <a href=\"https:\/\/support.microsoft.com\/de-de\/help\/17442\/windows-internet-explorer-delete-manage-cookies\" target=\"_blank\" rel=\"noopener noreferrer\">hier<\/a> (Externer Link Microsoft.com) .<\/p>\n<\/div>\n<\/div>\n<\/div>\n<\/div>\n<\/div>\n<\/div>\n<\/div>\n<\/div>\n<\/div>\n<\/div>\n<\/section>\n<div class=\"text-col-1\">\n<h2>Auf welche Weise erheben wir Ihre Daten?<\/h2>\n<p>Im Rahmen des Zugriffs auf unsere Webseite werden die Zugriffsdaten automatisiert protokolliert.<\/p>\n<\/div>\n<div>\n<h2>Wof\u00fcr nutzen wir Ihre Daten?<\/h2>\n<p>Zur Bereitstellung sowie zur Optimierung und zum Schutz unserer Webseite.<\/p>\n<\/div>\n<h2><b>Sicherheit<\/b><\/h2>\n<div>\n<div class=\"text-col-1\">\n<p>Zum Schutz der Daten vor unberechtigtem Zugriff und Missbrauch hat unser Webhoster umfangreiche technische und betriebliche Vorkehrungen getroffen. Diese Sicherheitsverfahren werden regelm\u00e4\u00dfig \u00fcberpr\u00fcft und dem technologischen Fortschritt angepasst. Die Mitarbeiter sind zur Wahrung der Vertraulichkeit verpflichtet.<\/p>\n<h2><b>Links zu anderen Websites<\/b><\/h2>\n<p>Rufen Sie eine externe Internetseite von unserer Seite auf (externer Link), wird der externe Anbieter m\u00f6glicherweise von Ihrem Browser die Information erhalten, von welcher unserer Internetseiten Sie zu ihm gekommen sind. F\u00fcr diese Daten ist der externe Anbieter verantwortlich. Wir sind, wie jeder andere Anbieter von Internetseiten, nicht in der Lage, diesen Vorgang zu beeinflussen.<\/p>\n<h3>Eingebettete Inhalte von anderen Websites<\/h3>\n<p>Beitr\u00e4ge auf dieser Website k\u00f6nnen eingebettete Inhalte beinhalten (z.\u00a0B. Videos, Bilder, Beitr\u00e4ge etc.). Eingebettete Inhalte von anderen Websites verhalten sich exakt so, als ob der Besucher die andere Website besucht h\u00e4tte.<\/p>\n<p>Diese Websites k\u00f6nnen Daten \u00fcber Sie sammeln, Cookies benutzen, zus\u00e4tzliche Tracking-Dienste von Dritten einbetten und Ihre Interaktion mit diesem eingebetteten Inhalt aufzeichnen, inklusive Ihrer Interaktion mit dem eingebetteten Inhalt.<\/p>\n<h2><b>Weitere Auskunft<\/b><\/h2>\n<p>Sollten Sie weitere Fragen haben, bspw. zu Daten, die wir zu Ihrer Person gespeichert haben (Auskunftsrecht), nehmen Sie gern unter den oben in dieser Datenschutzerkl\u00e4rung angegebenen M\u00f6glichkeiten Kontakt mit uns auf.<\/p>\n<\/div>\n<\/div>\n","protected":false},"excerpt":{"rendered":"<p>Wer wir sind Modellfliegergruppe H\u00f6chstadt e.V. Peter-Vischer-Str. 34 91315 H\u00f6chstadt a. d. Aisch Kontakt: webmaster@mfg-hoechstadt.de oder hier. Die Adresse unserer Website ist: https:\/\/mfg-hoechstadt.de. Unsere Datenschutzerkl\u00e4rung Wir freuen uns \u00fcber Ihren Besuch auf unserer Internetseite und Ihr Interesse an der Modellfliegerguppe H\u00f6chstadt e.V. Der Schutz und die Sicherheit der Daten der Besucher unserer Internetpr\u00e4senz sind uns [&hellip;]<\/p>\n","protected":false},"author":1,"featured_media":0,"parent":0,"menu_order":0,"comment_status":"closed","ping_status":"closed","template":"","meta":{"footnotes":""},"class_list":["post-1984","page","type-page","status-publish","hentry"],"_links":{"self":[{"href":"https:\/\/mfg-hoechstadt.de\/index.php?rest_route=\/wp\/v2\/pages\/1984","targetHints":{"allow":["GET"]}}],"collection":[{"href":"https:\/\/mfg-hoechstadt.de\/index.php?rest_route=\/wp\/v2\/pages"}],"about":[{"href":"https:\/\/mfg-hoechstadt.de\/index.php?rest_route=\/wp\/v2\/types\/page"}],"author":[{"embeddable":true,"href":"https:\/\/mfg-hoechstadt.de\/index.php?rest_route=\/wp\/v2\/users\/1"}],"replies":[{"embeddable":true,"href":"https:\/\/mfg-hoechstadt.de\/index.php?rest_route=%2Fwp%2Fv2%2Fcomments&post=1984"}],"version-history":[{"count":13,"href":"https:\/\/mfg-hoechstadt.de\/index.php?rest_route=\/wp\/v2\/pages\/1984\/revisions"}],"predecessor-version":[{"id":2892,"href":"https:\/\/mfg-hoechstadt.de\/index.php?rest_route=\/wp\/v2\/pages\/1984\/revisions\/2892"}],"wp:attachment":[{"href":"https:\/\/mfg-hoechstadt.de\/index.php?rest_route=%2Fwp%2Fv2%2Fmedia&parent=1984"}],"curies":[{"name":"wp","href":"https:\/\/api.w.org\/{rel}","templated":true}]}}