{"id":47,"date":"2017-01-26T21:26:33","date_gmt":"2017-01-26T20:26:33","guid":{"rendered":"http:\/\/192.168.6.218\/?page_id=47"},"modified":"2020-06-14T21:18:27","modified_gmt":"2020-06-14T19:18:27","slug":"fluggelaende","status":"publish","type":"page","link":"https:\/\/mfg-hoechstadt.de\/?page_id=47","title":{"rendered":"Fluggel\u00e4nde"},"content":{"rendered":"<p>Das Fluggel\u00e4nde der MFG-H\u00f6chstadt liegt zwischen 96178 Limbach und 96172 Schirnsdorf im Tal der reichen Ebrach.<\/p>\n<div id=\"attachment_2487\" style=\"width: 270px\" class=\"wp-caption alignright\"><a href=\"https:\/\/maps.google.com\/local?q=49.75284236067038,10.796746645868275\" target=\"_blank\" rel=\"noopener noreferrer\"><img loading=\"lazy\" decoding=\"async\" aria-describedby=\"caption-attachment-2487\" class=\"wp-image-2487 size-medium\" src=\"https:\/\/mfg-hoechstadt.de\/wp-content\/uploads\/2020\/06\/MFGH-Fluggelaende-260x300.png\" alt=\"MFGH Fluggel\u00e4nde bei Google MAPS\" width=\"260\" height=\"300\" srcset=\"https:\/\/mfg-hoechstadt.de\/wp-content\/uploads\/2020\/06\/MFGH-Fluggelaende-260x300.png 260w, https:\/\/mfg-hoechstadt.de\/wp-content\/uploads\/2020\/06\/MFGH-Fluggelaende.png 475w\" sizes=\"auto, (max-width: 260px) 100vw, 260px\" \/><\/a><p id=\"caption-attachment-2487\" class=\"wp-caption-text\">MFGH Fluggel\u00e4nde bei Google Maps<\/p><\/div>\n<p><a href=\"https:\/\/mfg-hoechstadt.de\/wp-content\/uploads\/2017\/01\/mfg_anfahrtskizze_nah.pdf\" target=\"_blank\" rel=\"noopener noreferrer\">PDF Anfahrtsskizze<\/a> &#8211; <a href=\"https:\/\/mfg-hoechstadt.de\/wp-content\/uploads\/2017\/02\/mfg_fluggelaende.pdf\" target=\"_blank\" rel=\"noopener noreferrer\">PDF Fluggel\u00e4nde Schema<\/a> &#8211; <a href=\"https:\/\/mfg-hoechstadt.de\/wp-content\/uploads\/2017\/01\/mfg_flugordnung.pdf\" target=\"_blank\" rel=\"noopener noreferrer\">PDF Flugordnung<\/a><br \/>\n<iframe loading=\"lazy\" style=\"border: 0;\" src=\"https:\/\/geoportal.bayern.de\/bayernatlas\/embed.html?X=5513684.39&amp;Y=4413593.64&amp;zoom=10&amp;lang=de&amp;topic=heimat3d&amp;bgLayer=atkis&amp;geolocation=true&amp;layers=KML%7C%7Chttp:%2F%2Fmfg-hoechstadt.de%2Fbayernatlas_Fluggelaende_Marker.kml%7C%7Ctrue,KML%7C%7Chttp:%2F%2Fmfg-hoechstadt.de%2Fbayernatlas_Fluggelaende_Beschriftung.kml%7C%7Ctrue\" width=\"600\" height=\"450\" frameborder=\"0\"><\/iframe><\/p>\n","protected":false},"excerpt":{"rendered":"<p>Das Fluggel\u00e4nde der MFG-H\u00f6chstadt liegt zwischen 96178 Limbach und 96172 Schirnsdorf im Tal der reichen Ebrach. PDF Anfahrtsskizze &#8211; PDF Fluggel\u00e4nde Schema &#8211; PDF Flugordnung<\/p>\n","protected":false},"author":1,"featured_media":0,"parent":0,"menu_order":0,"comment_status":"closed","ping_status":"closed","template":"","meta":{"footnotes":""},"class_list":["post-47","page","type-page","status-publish","hentry"],"_links":{"self":[{"href":"https:\/\/mfg-hoechstadt.de\/index.php?rest_route=\/wp\/v2\/pages\/47","targetHints":{"allow":["GET"]}}],"collection":[{"href":"https:\/\/mfg-hoechstadt.de\/index.php?rest_route=\/wp\/v2\/pages"}],"about":[{"href":"https:\/\/mfg-hoechstadt.de\/index.php?rest_route=\/wp\/v2\/types\/page"}],"author":[{"embeddable":true,"href":"https:\/\/mfg-hoechstadt.de\/index.php?rest_route=\/wp\/v2\/users\/1"}],"replies":[{"embeddable":true,"href":"https:\/\/mfg-hoechstadt.de\/index.php?rest_route=%2Fwp%2Fv2%2Fcomments&post=47"}],"version-history":[{"count":42,"href":"https:\/\/mfg-hoechstadt.de\/index.php?rest_route=\/wp\/v2\/pages\/47\/revisions"}],"predecessor-version":[{"id":2509,"href":"https:\/\/mfg-hoechstadt.de\/index.php?rest_route=\/wp\/v2\/pages\/47\/revisions\/2509"}],"wp:attachment":[{"href":"https:\/\/mfg-hoechstadt.de\/index.php?rest_route=%2Fwp%2Fv2%2Fmedia&parent=47"}],"curies":[{"name":"wp","href":"https:\/\/api.w.org\/{rel}","templated":true}]}}