{"id":53,"date":"2017-01-26T21:28:08","date_gmt":"2017-01-26T20:28:08","guid":{"rendered":"http:\/\/192.168.6.218\/?page_id=53"},"modified":"2017-01-26T23:42:47","modified_gmt":"2017-01-26T22:42:47","slug":"impressum","status":"publish","type":"page","link":"https:\/\/mfg-hoechstadt.de\/?page_id=53","title":{"rendered":"Impressum"},"content":{"rendered":"<p>der<\/p>\n<h3>Modellfliegergruppe H\u00f6chstadt \/ Aisch e.V.<\/h3>\n<p>Ansprechpartner und Adresse finden Sie unter \u201eVerein&#8220;->&#8220;Vorstand\u201c<\/p>\n<p>Wir bitten um Beachtung.<\/p>\n<h5>Urheberrecht<\/h5>\n<p>Der Inhalt dieser Internet-Site geh\u00f6rt zum Eigentum der Modellfliegergruppe H\u00f6chstadt\/Aisch und ist gesch\u00fctzt.<br \/>\nJeglicher Inhalt auf dieser Internet-Site darf ausschlie\u00dflich f\u00fcr den pers\u00f6nlichen Gebrauch und f\u00fcr nicht gewerbliche<br \/>\nZwecke \u00fcbernommen und genutzt werden. Dar\u00fcber hinausgehende \u00c4nderungen, Vervielf\u00e4ltigungen, Kopien oder<br \/>\nNutzungen jeglichen Inhaltes dieser Internet-Site sind ohne die schriftliche Einwilligung des Urhebers nicht erlaubt.<\/p>\n<h5>Inhalt<\/h5>\n<p>Die Modellfliegergruppe H\u00f6chstadt\/Aisch unternimmt gro\u00dfe Anstrengungen, aktuelle und korrekte Informationen auf<br \/>\ndieser Internet-Site zur Verf\u00fcgung zu stellen. Die Modellfliegergruppe gibt jedoch keine Versicherung, Garantie oder<br \/>\nZusage im Hinblick auf Richtigkeit, Genauigkeit, Aktualit\u00e4t oder Vollst\u00e4ndigkeit der gegebenen Informationen.<br \/>\nDie Modellfliegergruppe haftet nicht f\u00fcr Sch\u00e4den, die daraus entstanden sind, dass jemand auf die mit dieser<br \/>\nInternetsite zur Verf\u00fcgung gestellten Informationen vertraut hat. Die www-Seiten der Modellfliegergruppe, enthalten<br \/>\nauch Informationen, die von Dritten stammen. Sofern m\u00f6glich, wurde stets die Quelle derartiger Informationen<br \/>\nangegeben. Meinungen, die darin zum Ausdruck kommen, entsprechen jedoch nicht zwangsl\u00e4ufig denjenigen der<br \/>\nModellfliegergruppe H\u00f6chstadt\/Aisch..<\/p>\n<h5>Links<\/h5>\n<p>Die im Rahmen dieser Website erscheinenden Links sind lediglich ein Serviceangebot der Modellfliegergruppe.<br \/>\nAus der geltenden Rechtsprechung geht hervor, dass der Betreiber einer Homepage ggf. die Inhalte von verlinkten<br \/>\nSeiten mit zu verantworten hat. Dies kann nur dadurch verhindert werden, dass man sich ausdr\u00fccklich von deren<br \/>\nInhalten distanziert.<\/p>\n<h5>Deshalb:<\/h5>\n<p>&#8222;Hiermit distanziert sich die Modellfliegergruppe H\u00f6chstadt\/Aisch e.V. ausdr\u00fccklich von den Inhalten der<br \/>\nvon uns verlinkten Seiten. Deren Inhalte werden ausschlie\u00dflich vom jeweiligen Betreiber allein verantwortet.<br \/>\nSie geben weder unbedingt die Meinung der Modellfliegergruppe wieder, noch macht sich der<br \/>\nModellfliegergruppe H\u00f6chstadt\/Aisch e.V. diese Meinungen unbedingt zu eigen.&#8220;<\/p>\n","protected":false},"excerpt":{"rendered":"<p>der Modellfliegergruppe H\u00f6chstadt \/ Aisch e.V. Ansprechpartner und Adresse finden Sie unter \u201eVerein&#8220;->&#8220;Vorstand\u201c Wir bitten um Beachtung. Urheberrecht Der Inhalt dieser Internet-Site geh\u00f6rt zum Eigentum der Modellfliegergruppe H\u00f6chstadt\/Aisch und ist gesch\u00fctzt. Jeglicher Inhalt auf dieser Internet-Site darf ausschlie\u00dflich f\u00fcr den pers\u00f6nlichen Gebrauch und f\u00fcr nicht gewerbliche Zwecke \u00fcbernommen und genutzt werden. Dar\u00fcber hinausgehende \u00c4nderungen, Vervielf\u00e4ltigungen, [&hellip;]<\/p>\n","protected":false},"author":1,"featured_media":0,"parent":0,"menu_order":0,"comment_status":"closed","ping_status":"closed","template":"","meta":{"footnotes":""},"class_list":["post-53","page","type-page","status-publish","hentry"],"_links":{"self":[{"href":"https:\/\/mfg-hoechstadt.de\/index.php?rest_route=\/wp\/v2\/pages\/53","targetHints":{"allow":["GET"]}}],"collection":[{"href":"https:\/\/mfg-hoechstadt.de\/index.php?rest_route=\/wp\/v2\/pages"}],"about":[{"href":"https:\/\/mfg-hoechstadt.de\/index.php?rest_route=\/wp\/v2\/types\/page"}],"author":[{"embeddable":true,"href":"https:\/\/mfg-hoechstadt.de\/index.php?rest_route=\/wp\/v2\/users\/1"}],"replies":[{"embeddable":true,"href":"https:\/\/mfg-hoechstadt.de\/index.php?rest_route=%2Fwp%2Fv2%2Fcomments&post=53"}],"version-history":[{"count":5,"href":"https:\/\/mfg-hoechstadt.de\/index.php?rest_route=\/wp\/v2\/pages\/53\/revisions"}],"predecessor-version":[{"id":205,"href":"https:\/\/mfg-hoechstadt.de\/index.php?rest_route=\/wp\/v2\/pages\/53\/revisions\/205"}],"wp:attachment":[{"href":"https:\/\/mfg-hoechstadt.de\/index.php?rest_route=%2Fwp%2Fv2%2Fmedia&parent=53"}],"curies":[{"name":"wp","href":"https:\/\/api.w.org\/{rel}","templated":true}]}}